{"id":9095,"date":"2020-01-13T06:50:18","date_gmt":"2020-01-13T06:50:18","guid":{"rendered":"http:\/\/localhost\/wordpress\/keny\/?page_id=9095"},"modified":"2025-11-01T09:53:47","modified_gmt":"2025-11-01T09:53:47","slug":"about-us","status":"publish","type":"page","link":"https:\/\/briva-haus.de\/en\/about-us\/","title":{"rendered":"ABOUT US"},"content":{"rendered":"<div data-elementor-type=\"wp-page\" data-elementor-id=\"9095\" class=\"elementor elementor-9095\">\n\t\t\t\t\t\t<section class=\"elementor-section elementor-top-section elementor-element elementor-element-81509e3 elementor-section-boxed elementor-section-height-default elementor-section-height-default\" data-id=\"81509e3\" data-element_type=\"section\" data-e-type=\"section\">\n\t\t\t\t\t\t<div class=\"elementor-container elementor-column-gap-default\">\n\t\t\t\t\t<div class=\"elementor-column elementor-col-50 elementor-top-column elementor-element elementor-element-392ca6f\" data-id=\"392ca6f\" data-element_type=\"column\" data-e-type=\"column\">\n\t\t\t<div class=\"elementor-widget-wrap elementor-element-populated\">\n\t\t\t\t\t\t<div class=\"elementor-element elementor-element-b873549 elementor-widget elementor-widget-bwp_image\" data-id=\"b873549\" data-element_type=\"widget\" data-e-type=\"widget\" data-widget_type=\"bwp_image.default\">\n\t\t\t\t<div class=\"elementor-widget-container\">\n\t\t\t\t\t<div class=\"bwp-widget-banner default\">\t\r\n\t<div class=\"bg-banner\">\r\n\t\t<div class=\"banner-wrapper banners\">\r\n\t\t\t\t\t\t\t<div class=\"bwp-image\">\r\n\t\t\t\t\t\t\t\t\t\t\t<a href=\"#\"><img decoding=\"async\" class=\"fade-in lazyload elementor-animation-grow\" src=\"https:\/\/briva-haus.de\/wp-content\/uploads\/2025\/10\/unfocused-spacious-store-scaled-1.jpg\" alt=\"Banner Image\"><\/a>\r\n\t\t\t\t\t\t\t\t\t<\/div>\r\n\t\t\t\t\t\t<div class=\"banner-wrapper-infor\">\r\n\t\t\t\t<div class=\"info\">\r\n\t\t\t\t\t<div class=\"content\">\r\n\t\t\t\t\t\t\t\t\t\t\t\t\t\t\t\t\t\t\t\t\t\t\t\t\t\t\t\t\t<\/div>\r\n\t\t\t\t<\/div>\r\n\t\t\t<\/div>\r\n\t\t<\/div>\r\n\t<\/div>\r\n<\/div>\r\n\t\t\t\t<\/div>\n\t\t\t\t<\/div>\n\t\t\t\t\t<\/div>\n\t\t<\/div>\n\t\t\t\t<div class=\"elementor-column elementor-col-50 elementor-top-column elementor-element elementor-element-c7d6a3c\" data-id=\"c7d6a3c\" data-element_type=\"column\" data-e-type=\"column\">\n\t\t\t<div class=\"elementor-widget-wrap elementor-element-populated\">\n\t\t\t\t\t\t<div class=\"elementor-element elementor-element-3d0644e elementor-widget__width-initial elementor-widget elementor-widget-heading\" data-id=\"3d0644e\" data-element_type=\"widget\" data-e-type=\"widget\" data-widget_type=\"heading.default\">\n\t\t\t\t\t<h1 class=\"elementor-heading-title elementor-size-default\">About Us<\/h1>\t\t\t\t<\/div>\n\t\t\t\t<div class=\"elementor-element elementor-element-48a8a89 elementor-widget elementor-widget-text-editor\" data-id=\"48a8a89\" data-element_type=\"widget\" data-e-type=\"widget\" data-widget_type=\"text-editor.default\">\n\t\t\t\t\t\t\t\t\t<p>Welcome to BRIVA, where the art of coffee brewing meets the precision of German engineering. Founded in the heart of D\u00fcsseldorf, Germany, BRIVA was born out of a passion for exceptional coffee and innovative home appliances. Our journey began with a simple mission: to bring caf\u00e9 quality and world-class kitchen technology to homes and businesses worldwide.<\/p>\t\t\t\t\t\t\t\t<\/div>\n\t\t\t\t\t<\/div>\n\t\t<\/div>\n\t\t\t\t\t<\/div>\n\t\t<\/section>\n\t\t\t\t<section class=\"elementor-section elementor-top-section elementor-element elementor-element-bb7d067 elementor-section-content-middle briva-about-section elementor-section-boxed elementor-section-height-default elementor-section-height-default\" data-id=\"bb7d067\" data-element_type=\"section\" data-e-type=\"section\">\n\t\t\t\t\t\t<div class=\"elementor-container elementor-column-gap-default\">\n\t\t\t\t\t<div class=\"elementor-column elementor-col-50 elementor-top-column elementor-element elementor-element-f7fbb83 briva-about-card\" data-id=\"f7fbb83\" data-element_type=\"column\" data-e-type=\"column\" data-settings=\"{&quot;background_background&quot;:&quot;classic&quot;}\">\n\t\t\t<div class=\"elementor-widget-wrap elementor-element-populated\">\n\t\t\t\t\t\t<div class=\"elementor-element elementor-element-d717c21 elementor-widget__width-initial elementor-widget elementor-widget-heading\" data-id=\"d717c21\" data-element_type=\"widget\" data-e-type=\"widget\" data-widget_type=\"heading.default\">\n\t\t\t\t\t<h2 class=\"elementor-heading-title elementor-size-default\">Our Heritage<\/h2>\t\t\t\t<\/div>\n\t\t\t\t<div class=\"elementor-element elementor-element-b09c659 elementor-widget elementor-widget-text-editor\" data-id=\"b09c659\" data-element_type=\"widget\" data-e-type=\"widget\" data-widget_type=\"text-editor.default\">\n\t\t\t\t\t\t\t\t\t<p>Rooted in D\u00fcsseldorf's rich cultural landscape, BRIVA is inspired by the city's blend of tradition and modernity. D\u00fcsseldorf's commitment to craftsmanship and innovation drives us to create products that are not only functional, but also beautifully designed. Every BRIVA product embodies the meticulous attention to detail and reliability that German engineering is known for.<\/p>\t\t\t\t\t\t\t\t<\/div>\n\t\t\t\t\t<\/div>\n\t\t<\/div>\n\t\t\t\t<div class=\"elementor-column elementor-col-50 elementor-top-column elementor-element elementor-element-9431948\" data-id=\"9431948\" data-element_type=\"column\" data-e-type=\"column\">\n\t\t\t<div class=\"elementor-widget-wrap elementor-element-populated\">\n\t\t\t\t\t\t<div class=\"elementor-element elementor-element-0cb24fc elementor-widget elementor-widget-image\" data-id=\"0cb24fc\" data-element_type=\"widget\" data-e-type=\"widget\" data-widget_type=\"image.default\">\n\t\t\t\t\t\t\t\t\t\t\t\t\t\t\t<img fetchpriority=\"high\" decoding=\"async\" width=\"1024\" height=\"683\" src=\"https:\/\/briva-haus.de\/wp-content\/uploads\/2025\/11\/Our-Heritage--1024x683.png\" class=\"attachment-large size-large wp-image-54111\" alt=\"\" \/>\t\t\t\t\t\t\t\t\t\t\t\t\t\t\t<\/div>\n\t\t\t\t\t<\/div>\n\t\t<\/div>\n\t\t\t\t\t<\/div>\n\t\t<\/section>\n\t\t\t\t<section class=\"elementor-section elementor-top-section elementor-element elementor-element-9daf517 elementor-section-content-middle briva-about-section elementor-section-boxed elementor-section-height-default elementor-section-height-default\" data-id=\"9daf517\" data-element_type=\"section\" data-e-type=\"section\">\n\t\t\t\t\t\t<div class=\"elementor-container elementor-column-gap-default\">\n\t\t\t\t\t<div class=\"elementor-column elementor-col-50 elementor-top-column elementor-element elementor-element-e0ca5b2 briva-about-card\" data-id=\"e0ca5b2\" data-element_type=\"column\" data-e-type=\"column\" data-settings=\"{&quot;background_background&quot;:&quot;classic&quot;}\">\n\t\t\t<div class=\"elementor-widget-wrap elementor-element-populated\">\n\t\t\t\t\t\t<div class=\"elementor-element elementor-element-2ca0290 elementor-widget__width-initial elementor-widget elementor-widget-heading\" data-id=\"2ca0290\" data-element_type=\"widget\" data-e-type=\"widget\" data-widget_type=\"heading.default\">\n\t\t\t\t\t<h2 class=\"elementor-heading-title elementor-size-default\">Our Passion<\/h2>\t\t\t\t<\/div>\n\t\t\t\t<div class=\"elementor-element elementor-element-3c67353 elementor-widget elementor-widget-text-editor\" data-id=\"3c67353\" data-element_type=\"widget\" data-e-type=\"widget\" data-widget_type=\"text-editor.default\">\n\t\t\t\t\t\t\t\t\t<p>At BRIVA, we believe the perfect cup of coffee is more than just a drink; it's an experience. Our espresso machines and coffee grinders are designed for precision and durability, ensuring that every cup delivers rich, consistent flavor. We strive to preserve the natural essence of the coffee beans and provide a foundation for an exceptional brewing experience.<\/p>\t\t\t\t\t\t\t\t<\/div>\n\t\t\t\t\t<\/div>\n\t\t<\/div>\n\t\t\t\t<div class=\"elementor-column elementor-col-50 elementor-top-column elementor-element elementor-element-b03f3b9\" data-id=\"b03f3b9\" data-element_type=\"column\" data-e-type=\"column\">\n\t\t\t<div class=\"elementor-widget-wrap elementor-element-populated\">\n\t\t\t\t\t\t<div class=\"elementor-element elementor-element-ce7f650 elementor-widget elementor-widget-image\" data-id=\"ce7f650\" data-element_type=\"widget\" data-e-type=\"widget\" data-widget_type=\"image.default\">\n\t\t\t\t\t\t\t\t\t\t\t\t\t\t\t<img decoding=\"async\" width=\"1024\" height=\"683\" src=\"https:\/\/briva-haus.de\/wp-content\/uploads\/2025\/11\/Our-Passion.png\" class=\"attachment-large size-large wp-image-54109\" alt=\"\" \/>\t\t\t\t\t\t\t\t\t\t\t\t\t\t\t<\/div>\n\t\t\t\t\t<\/div>\n\t\t<\/div>\n\t\t\t\t\t<\/div>\n\t\t<\/section>\n\t\t\t\t<section class=\"elementor-section elementor-top-section elementor-element elementor-element-a8cf650 elementor-section-content-middle briva-about-section elementor-section-boxed elementor-section-height-default elementor-section-height-default\" data-id=\"a8cf650\" data-element_type=\"section\" data-e-type=\"section\">\n\t\t\t\t\t\t<div class=\"elementor-container elementor-column-gap-default\">\n\t\t\t\t\t<div class=\"elementor-column elementor-col-50 elementor-top-column elementor-element elementor-element-c5d1ffe briva-about-card\" data-id=\"c5d1ffe\" data-element_type=\"column\" data-e-type=\"column\" data-settings=\"{&quot;background_background&quot;:&quot;classic&quot;}\">\n\t\t\t<div class=\"elementor-widget-wrap elementor-element-populated\">\n\t\t\t\t\t\t<div class=\"elementor-element elementor-element-4b16542 elementor-widget__width-initial elementor-widget elementor-widget-heading\" data-id=\"4b16542\" data-element_type=\"widget\" data-e-type=\"widget\" data-widget_type=\"heading.default\">\n\t\t\t\t\t<h2 class=\"elementor-heading-title elementor-size-default\">Innovation in every detail<\/h2>\t\t\t\t<\/div>\n\t\t\t\t<div class=\"elementor-element elementor-element-90659aa elementor-widget elementor-widget-text-editor\" data-id=\"90659aa\" data-element_type=\"widget\" data-e-type=\"widget\" data-widget_type=\"text-editor.default\">\n\t\t\t\t\t\t\t\t\t<p>Our home appliances stand as a testament to our dedication to innovation and design. Merging advanced technology with elegant aesthetics, BRIVA appliances deliver outstanding performance and dependability. Whether preparing a family dinner or brewing your morning espresso, our products turn every culinary experience into pure enjoyment.<\/p>\t\t\t\t\t\t\t\t<\/div>\n\t\t\t\t\t<\/div>\n\t\t<\/div>\n\t\t\t\t<div class=\"elementor-column elementor-col-50 elementor-top-column elementor-element elementor-element-05d3c3d\" data-id=\"05d3c3d\" data-element_type=\"column\" data-e-type=\"column\">\n\t\t\t<div class=\"elementor-widget-wrap elementor-element-populated\">\n\t\t\t\t\t\t<div class=\"elementor-element elementor-element-cb0b482 elementor-widget elementor-widget-image\" data-id=\"cb0b482\" data-element_type=\"widget\" data-e-type=\"widget\" data-widget_type=\"image.default\">\n\t\t\t\t\t\t\t\t\t\t\t\t\t\t\t<img decoding=\"async\" width=\"1024\" height=\"683\" src=\"https:\/\/briva-haus.de\/wp-content\/uploads\/2025\/11\/Innovation-in-every-detail-1024x683.png\" class=\"attachment-large size-large wp-image-54113\" alt=\"\" \/>\t\t\t\t\t\t\t\t\t\t\t\t\t\t\t<\/div>\n\t\t\t\t\t<\/div>\n\t\t<\/div>\n\t\t\t\t\t<\/div>\n\t\t<\/section>\n\t\t\t\t<section class=\"elementor-section elementor-top-section elementor-element elementor-element-cb46050 elementor-section-content-middle briva-about-section elementor-section-boxed elementor-section-height-default elementor-section-height-default\" data-id=\"cb46050\" data-element_type=\"section\" data-e-type=\"section\">\n\t\t\t\t\t\t<div class=\"elementor-container elementor-column-gap-default\">\n\t\t\t\t\t<div class=\"elementor-column elementor-col-50 elementor-top-column elementor-element elementor-element-cf9bf87 briva-about-card\" data-id=\"cf9bf87\" data-element_type=\"column\" data-e-type=\"column\" data-settings=\"{&quot;background_background&quot;:&quot;classic&quot;}\">\n\t\t\t<div class=\"elementor-widget-wrap elementor-element-populated\">\n\t\t\t\t\t\t<div class=\"elementor-element elementor-element-dec8a70 elementor-widget__width-initial elementor-widget elementor-widget-heading\" data-id=\"dec8a70\" data-element_type=\"widget\" data-e-type=\"widget\" data-widget_type=\"heading.default\">\n\t\t\t\t\t<h2 class=\"elementor-heading-title elementor-size-default\">Serving the Hotel Industry<\/h2>\t\t\t\t<\/div>\n\t\t\t\t<div class=\"elementor-element elementor-element-c4c2afd elementor-widget elementor-widget-text-editor\" data-id=\"c4c2afd\" data-element_type=\"widget\" data-e-type=\"widget\" data-widget_type=\"text-editor.default\">\n\t\t\t\t\t\t\t\t\t<p>Understanding the needs of the hospitality industry has led us to develop BRIVA hotel equipment that is built for durability and efficiency. We provide hoteliers with reliable performance to ensure guests enjoy an exceptional experience every time they stay. Our products are designed to meet the industry's high standards and keep operations smooth and reliable.<\/p>\t\t\t\t\t\t\t\t<\/div>\n\t\t\t\t\t<\/div>\n\t\t<\/div>\n\t\t\t\t<div class=\"elementor-column elementor-col-50 elementor-top-column elementor-element elementor-element-f7c7ebe\" data-id=\"f7c7ebe\" data-element_type=\"column\" data-e-type=\"column\">\n\t\t\t<div class=\"elementor-widget-wrap elementor-element-populated\">\n\t\t\t\t\t\t<div class=\"elementor-element elementor-element-b0e1ad1 elementor-widget elementor-widget-image\" data-id=\"b0e1ad1\" data-element_type=\"widget\" data-e-type=\"widget\" data-widget_type=\"image.default\">\n\t\t\t\t\t\t\t\t\t\t\t\t\t\t\t<img loading=\"lazy\" decoding=\"async\" width=\"1024\" height=\"683\" src=\"https:\/\/briva-haus.de\/wp-content\/uploads\/2025\/11\/Serving-the-Hotel-Industry-1024x683.png\" class=\"attachment-large size-large wp-image-54107\" alt=\"\" \/>\t\t\t\t\t\t\t\t\t\t\t\t\t\t\t<\/div>\n\t\t\t\t\t<\/div>\n\t\t<\/div>\n\t\t\t\t\t<\/div>\n\t\t<\/section>\n\t\t\t\t<section class=\"elementor-section elementor-top-section elementor-element elementor-element-f68aa2f elementor-section-content-middle briva-about-section elementor-section-boxed elementor-section-height-default elementor-section-height-default\" data-id=\"f68aa2f\" data-element_type=\"section\" data-e-type=\"section\">\n\t\t\t\t\t\t<div class=\"elementor-container elementor-column-gap-default\">\n\t\t\t\t\t<div class=\"elementor-column elementor-col-50 elementor-top-column elementor-element elementor-element-e05bb73 briva-about-card\" data-id=\"e05bb73\" data-element_type=\"column\" data-e-type=\"column\" data-settings=\"{&quot;background_background&quot;:&quot;classic&quot;}\">\n\t\t\t<div class=\"elementor-widget-wrap elementor-element-populated\">\n\t\t\t\t\t\t<div class=\"elementor-element elementor-element-35a9b44 elementor-widget__width-initial elementor-widget elementor-widget-heading\" data-id=\"35a9b44\" data-element_type=\"widget\" data-e-type=\"widget\" data-widget_type=\"heading.default\">\n\t\t\t\t\t<h2 class=\"elementor-heading-title elementor-size-default\">Improving your experience<\/h2>\t\t\t\t<\/div>\n\t\t\t\t<div class=\"elementor-element elementor-element-eeb12e7 elementor-widget elementor-widget-text-editor\" data-id=\"eeb12e7\" data-element_type=\"widget\" data-e-type=\"widget\" data-widget_type=\"text-editor.default\">\n\t\t\t\t\t\t\t\t\t<p>BRIVA's range of accessories complement your kitchen and coffee equipment, perfecting every detail. From tamper mats to milk frothing jugs, our accessories are designed to enhance your brewing and cooking, ensuring every moment in your kitchen is enjoyable.<\/p>\t\t\t\t\t\t\t\t<\/div>\n\t\t\t\t\t<\/div>\n\t\t<\/div>\n\t\t\t\t<div class=\"elementor-column elementor-col-50 elementor-top-column elementor-element elementor-element-9db05e8\" data-id=\"9db05e8\" data-element_type=\"column\" data-e-type=\"column\">\n\t\t\t<div class=\"elementor-widget-wrap elementor-element-populated\">\n\t\t\t\t\t\t<div class=\"elementor-element elementor-element-cba4bb7 elementor-widget elementor-widget-image\" data-id=\"cba4bb7\" data-element_type=\"widget\" data-e-type=\"widget\" data-widget_type=\"image.default\">\n\t\t\t\t\t\t\t\t\t\t\t\t\t\t\t<img loading=\"lazy\" decoding=\"async\" width=\"1024\" height=\"683\" src=\"https:\/\/briva-haus.de\/wp-content\/uploads\/2025\/11\/Improving-your-experience-1024x683.png\" class=\"attachment-large size-large wp-image-54106\" alt=\"\" \/>\t\t\t\t\t\t\t\t\t\t\t\t\t\t\t<\/div>\n\t\t\t\t\t<\/div>\n\t\t<\/div>\n\t\t\t\t\t<\/div>\n\t\t<\/section>\n\t\t\t\t<section class=\"elementor-section elementor-top-section elementor-element elementor-element-eb38a05 elementor-section-content-middle briva-about-section elementor-section-boxed elementor-section-height-default elementor-section-height-default\" data-id=\"eb38a05\" data-element_type=\"section\" data-e-type=\"section\">\n\t\t\t\t\t\t<div class=\"elementor-container elementor-column-gap-default\">\n\t\t\t\t\t<div class=\"elementor-column elementor-col-50 elementor-top-column elementor-element elementor-element-b80def3 briva-about-card\" data-id=\"b80def3\" data-element_type=\"column\" data-e-type=\"column\" data-settings=\"{&quot;background_background&quot;:&quot;classic&quot;}\">\n\t\t\t<div class=\"elementor-widget-wrap elementor-element-populated\">\n\t\t\t\t\t\t<div class=\"elementor-element elementor-element-c73b972 elementor-widget__width-initial elementor-widget elementor-widget-heading\" data-id=\"c73b972\" data-element_type=\"widget\" data-e-type=\"widget\" data-widget_type=\"heading.default\">\n\t\t\t\t\t<h2 class=\"elementor-heading-title elementor-size-default\">Our Commitment<\/h2>\t\t\t\t<\/div>\n\t\t\t\t<div class=\"elementor-element elementor-element-5252c25 elementor-widget elementor-widget-text-editor\" data-id=\"5252c25\" data-element_type=\"widget\" data-e-type=\"widget\" data-widget_type=\"text-editor.default\">\n\t\t\t\t\t\t\t\t\t<p>As we continue to grow, our commitment to quality, innovation and customer satisfaction remains unwavering. At BRIVA, we are more than just a brand; we are a community of coffee and culinary enthusiasts dedicated to excellence. Join us on our journey to make every cup, every meal and every moment special.<\/p>\t\t\t\t\t\t\t\t<\/div>\n\t\t\t\t\t<\/div>\n\t\t<\/div>\n\t\t\t\t<div class=\"elementor-column elementor-col-50 elementor-top-column elementor-element elementor-element-0a64073\" data-id=\"0a64073\" data-element_type=\"column\" data-e-type=\"column\">\n\t\t\t<div class=\"elementor-widget-wrap elementor-element-populated\">\n\t\t\t\t\t\t<div class=\"elementor-element elementor-element-b46febd elementor-widget elementor-widget-image\" data-id=\"b46febd\" data-element_type=\"widget\" data-e-type=\"widget\" data-widget_type=\"image.default\">\n\t\t\t\t\t\t\t\t\t\t\t\t\t\t\t<img loading=\"lazy\" decoding=\"async\" width=\"1024\" height=\"683\" src=\"https:\/\/briva-haus.de\/wp-content\/uploads\/2025\/11\/Our-Commitment-1024x683.png\" class=\"attachment-large size-large wp-image-54105\" alt=\"\" \/>\t\t\t\t\t\t\t\t\t\t\t\t\t\t\t<\/div>\n\t\t\t\t\t<\/div>\n\t\t<\/div>\n\t\t\t\t\t<\/div>\n\t\t<\/section>\n\t\t\t\t<\/div>","protected":false},"excerpt":{"rendered":"<p>\u00dcber Uns Willkommen bei BRIVA, wo die Kunst des Kaffeebr\u00fchens auf die Pr\u00e4zision deutscher Ingenieurskunst trifft. Gegr\u00fcndet im Herzen von D\u00fcsseldorf, Deutschland, entstand BRIVA aus der Leidenschaft f\u00fcr au\u00dfergew\u00f6hnlichen Kaffee und innovative Haushaltsger\u00e4te. Unsere Reise begann mit einer einfachen Mission: Caf\u00e9-Qualit\u00e4t und erstklassige K\u00fcchentechnologie in Haushalte und Unternehmen weltweit zu bringen. Unser Erbe Verwurzelt in [&hellip;]<\/p>\n","protected":false},"author":1,"featured_media":0,"parent":0,"menu_order":0,"comment_status":"closed","ping_status":"closed","template":"page-templates\/homepage.php","meta":{"footnotes":""},"class_list":["post-9095","page","type-page","status-publish","hentry"],"_links":{"self":[{"href":"https:\/\/briva-haus.de\/en\/wp-json\/wp\/v2\/pages\/9095","targetHints":{"allow":["GET"]}}],"collection":[{"href":"https:\/\/briva-haus.de\/en\/wp-json\/wp\/v2\/pages"}],"about":[{"href":"https:\/\/briva-haus.de\/en\/wp-json\/wp\/v2\/types\/page"}],"author":[{"embeddable":true,"href":"https:\/\/briva-haus.de\/en\/wp-json\/wp\/v2\/users\/1"}],"replies":[{"embeddable":true,"href":"https:\/\/briva-haus.de\/en\/wp-json\/wp\/v2\/comments?post=9095"}],"version-history":[{"count":47,"href":"https:\/\/briva-haus.de\/en\/wp-json\/wp\/v2\/pages\/9095\/revisions"}],"predecessor-version":[{"id":54119,"href":"https:\/\/briva-haus.de\/en\/wp-json\/wp\/v2\/pages\/9095\/revisions\/54119"}],"wp:attachment":[{"href":"https:\/\/briva-haus.de\/en\/wp-json\/wp\/v2\/media?parent=9095"}],"curies":[{"name":"wp","href":"https:\/\/api.w.org\/{rel}","templated":true}]}}