{"id":53272,"date":"2025-10-27T14:14:50","date_gmt":"2025-10-27T14:14:50","guid":{"rendered":"https:\/\/briva-haus.de\/?page_id=53272"},"modified":"2025-11-01T09:55:03","modified_gmt":"2025-11-01T09:55:03","slug":"catalogs","status":"publish","type":"page","link":"https:\/\/briva-haus.de\/en\/catalogs\/","title":{"rendered":"CATALOGS"},"content":{"rendered":"<div data-elementor-type=\"wp-page\" data-elementor-id=\"53272\" class=\"elementor elementor-53272\">\n\t\t\t\t\t\t<section class=\"elementor-section elementor-top-section elementor-element elementor-element-81509e3 elementor-section-boxed elementor-section-height-default elementor-section-height-default\" data-id=\"81509e3\" data-element_type=\"section\" data-e-type=\"section\">\n\t\t\t\t\t\t<div class=\"elementor-container elementor-column-gap-default\">\n\t\t\t\t\t<div class=\"elementor-column elementor-col-50 elementor-top-column elementor-element elementor-element-392ca6f\" data-id=\"392ca6f\" data-element_type=\"column\" data-e-type=\"column\">\n\t\t\t<div class=\"elementor-widget-wrap elementor-element-populated\">\n\t\t\t\t\t\t<div class=\"elementor-element elementor-element-b873549 elementor-widget-tablet__width-inherit elementor-widget elementor-widget-bwp_image\" data-id=\"b873549\" data-element_type=\"widget\" data-e-type=\"widget\" data-widget_type=\"bwp_image.default\">\n\t\t\t\t<div class=\"elementor-widget-container\">\n\t\t\t\t\t<div class=\"bwp-widget-banner default\">\t\r\n\t<div class=\"bg-banner\">\r\n\t\t<div class=\"banner-wrapper banners\">\r\n\t\t\t\t\t\t\t<div class=\"bwp-image\">\r\n\t\t\t\t\t\t\t\t\t\t\t<a href=\"#\"><img decoding=\"async\" class=\"fade-in lazyload elementor-animation-grow\" src=\"https:\/\/briva-haus.de\/wp-content\/uploads\/2025\/11\/Catalogs-2.png\" alt=\"Banner Image\"><\/a>\r\n\t\t\t\t\t\t\t\t\t<\/div>\r\n\t\t\t\t\t\t<div class=\"banner-wrapper-infor\">\r\n\t\t\t\t<div class=\"info\">\r\n\t\t\t\t\t<div class=\"content\">\r\n\t\t\t\t\t\t\t\t\t\t\t\t\t\t\t\t\t\t\t\t\t\t\t\t\t\t\t\t\t<\/div>\r\n\t\t\t\t<\/div>\r\n\t\t\t<\/div>\r\n\t\t<\/div>\r\n\t<\/div>\r\n<\/div>\r\n\t\t\t\t<\/div>\n\t\t\t\t<\/div>\n\t\t\t\t<div class=\"elementor-element elementor-element-ccacd15 elementor-widget__width-initial elementor-widget-tablet__width-inherit elementor-widget elementor-widget-heading\" data-id=\"ccacd15\" data-element_type=\"widget\" data-e-type=\"widget\" data-widget_type=\"heading.default\">\n\t\t\t\t\t<h1 class=\"elementor-heading-title elementor-size-default\">Catalogs<\/h1>\t\t\t\t<\/div>\n\t\t\t\t<div class=\"elementor-element elementor-element-2ec6f18 elementor-widget-tablet__width-inherit elementor-widget elementor-widget-text-editor\" data-id=\"2ec6f18\" data-element_type=\"widget\" data-e-type=\"widget\" data-widget_type=\"text-editor.default\">\n\t\t\t\t\t\t\t\t\t<p>We invite you to explore our catalogs page, where you can browse the complete range of BRIVA products. Discover detailed information, features, and technical specifications to help you choose the perfect appliance for your needs.<\/p>\t\t\t\t\t\t\t\t<\/div>\n\t\t\t\t\t<\/div>\n\t\t<\/div>\n\t\t\t\t<div class=\"elementor-column elementor-col-50 elementor-top-column elementor-element elementor-element-c7d6a3c\" data-id=\"c7d6a3c\" data-element_type=\"column\" data-e-type=\"column\">\n\t\t\t<div class=\"elementor-widget-wrap elementor-element-populated\">\n\t\t\t\t\t\t<div class=\"elementor-element elementor-element-b35118d elementor-widget-tablet__width-inherit elementor-widget elementor-widget-bwp_image\" data-id=\"b35118d\" data-element_type=\"widget\" data-e-type=\"widget\" data-widget_type=\"bwp_image.default\">\n\t\t\t\t<div class=\"elementor-widget-container\">\n\t\t\t\t\t<div class=\"bwp-widget-banner default\">\t\r\n\t<div class=\"bg-banner\">\r\n\t\t<div class=\"banner-wrapper banners\">\r\n\t\t\t\t\t\t\t<div class=\"bwp-image\">\r\n\t\t\t\t\t\t\t\t\t\t\t<a href=\"#\"><img decoding=\"async\" class=\"fade-in lazyload elementor-animation-grow\" src=\"https:\/\/briva-haus.de\/wp-content\/uploads\/2025\/11\/Catalogs-1.png\" alt=\"Banner Image\"><\/a>\r\n\t\t\t\t\t\t\t\t\t<\/div>\r\n\t\t\t\t\t\t<div class=\"banner-wrapper-infor\">\r\n\t\t\t\t<div class=\"info\">\r\n\t\t\t\t\t<div class=\"content\">\r\n\t\t\t\t\t\t\t\t\t\t\t\t\t\t\t\t\t\t\t\t\t\t\t\t\t\t\t\t\t<\/div>\r\n\t\t\t\t<\/div>\r\n\t\t\t<\/div>\r\n\t\t<\/div>\r\n\t<\/div>\r\n<\/div>\r\n\t\t\t\t<\/div>\n\t\t\t\t<\/div>\n\t\t\t\t\t<\/div>\n\t\t<\/div>\n\t\t\t\t\t<\/div>\n\t\t<\/section>\n\t\t\t\t<section class=\"elementor-section elementor-top-section elementor-element elementor-element-0388ef9 elementor-section-boxed elementor-section-height-default elementor-section-height-default\" data-id=\"0388ef9\" data-element_type=\"section\" data-e-type=\"section\" data-settings=\"{&quot;background_background&quot;:&quot;classic&quot;}\">\n\t\t\t\t\t\t<div class=\"elementor-container elementor-column-gap-default\">\n\t\t\t\t\t<div class=\"elementor-column elementor-col-100 elementor-top-column elementor-element elementor-element-eac7292\" data-id=\"eac7292\" data-element_type=\"column\" data-e-type=\"column\">\n\t\t\t<div class=\"elementor-widget-wrap elementor-element-populated\">\n\t\t\t\t\t\t<div class=\"elementor-element elementor-element-2c1989e elementor-widget elementor-widget-shortcode\" data-id=\"2c1989e\" data-element_type=\"widget\" data-e-type=\"widget\" id=\"briva-all-catalogs\" data-widget_type=\"shortcode.default\">\n\t\t\t\t\t\t\t<div class=\"elementor-shortcode\"><div class=\"_df_thumb\" id=\"df_53977\"  _slug=\"english\" data-title=\"english\" wpoptions=\"true\" thumb=\"https:\/\/briva-haus.de\/wp-content\/uploads\/2025\/10\/briva-catalogue-en-compressed-images-0-scaled.jpg\" thumbtype=\"\" >English<\/div><script class=\"df-shortcode-script\" nowprocket type=\"application\/javascript\">window.option_df_53977 = {\"outline\":[],\"autoEnableOutline\":\"false\",\"autoEnableThumbnail\":\"false\",\"overwritePDFOutline\":\"false\",\"direction\":\"1\",\"pageSize\":\"0\",\"source\":\"https:\\\/\\\/briva-haus.de\\\/wp-content\\\/uploads\\\/2025\\\/10\\\/briva-catalogue-en-.pdf\",\"wpOptions\":\"true\"}; if(window.DFLIP && window.DFLIP.parseBooks){window.DFLIP.parseBooks();}<\/script>\n<div class=\"_df_thumb\" id=\"df_53983\"  _slug=\"german\" data-title=\"deutsch\" wpoptions=\"true\" thumb=\"https:\/\/briva-haus.de\/wp-content\/uploads\/2025\/10\/briva-catalogue-german-compressed-images-0-scaled.jpg\" thumbtype=\"\" >Deutsch<\/div><script class=\"df-shortcode-script\" nowprocket type=\"application\/javascript\">window.option_df_53983 = {\"outline\":[],\"autoEnableOutline\":\"false\",\"autoEnableThumbnail\":\"false\",\"overwritePDFOutline\":\"false\",\"direction\":\"1\",\"pageSize\":\"0\",\"source\":\"https:\\\/\\\/briva-haus.de\\\/wp-content\\\/uploads\\\/2025\\\/10\\\/briva-catalogue-german-.pdf\",\"wpOptions\":\"true\"}; if(window.DFLIP && window.DFLIP.parseBooks){window.DFLIP.parseBooks();}<\/script><\/div>\n\t\t\t\t\t\t<\/div>\n\t\t\t\t\t<\/div>\n\t\t<\/div>\n\t\t\t\t\t<\/div>\n\t\t<\/section>\n\t\t\t\t<\/div>","protected":false},"excerpt":{"rendered":"<p>Kataloge Wir laden Sie ein, unsere Katalogseite zu erkunden, auf der Sie die gesamte Auswahl an BRIVA-Produkten durchst\u00f6bern k\u00f6nnen. Entdecken Sie ausf\u00fchrliche Informationen, Funktionen und technische Details, um das ideale Ger\u00e4t f\u00fcr Ihre Anspr\u00fcche zu finden.<\/p>","protected":false},"author":1,"featured_media":0,"parent":0,"menu_order":0,"comment_status":"closed","ping_status":"closed","template":"page-templates\/homepage.php","meta":{"footnotes":""},"class_list":["post-53272","page","type-page","status-publish","hentry"],"_links":{"self":[{"href":"https:\/\/briva-haus.de\/en\/wp-json\/wp\/v2\/pages\/53272","targetHints":{"allow":["GET"]}}],"collection":[{"href":"https:\/\/briva-haus.de\/en\/wp-json\/wp\/v2\/pages"}],"about":[{"href":"https:\/\/briva-haus.de\/en\/wp-json\/wp\/v2\/types\/page"}],"author":[{"embeddable":true,"href":"https:\/\/briva-haus.de\/en\/wp-json\/wp\/v2\/users\/1"}],"replies":[{"embeddable":true,"href":"https:\/\/briva-haus.de\/en\/wp-json\/wp\/v2\/comments?post=53272"}],"version-history":[{"count":41,"href":"https:\/\/briva-haus.de\/en\/wp-json\/wp\/v2\/pages\/53272\/revisions"}],"predecessor-version":[{"id":54122,"href":"https:\/\/briva-haus.de\/en\/wp-json\/wp\/v2\/pages\/53272\/revisions\/54122"}],"wp:attachment":[{"href":"https:\/\/briva-haus.de\/en\/wp-json\/wp\/v2\/media?parent=53272"}],"curies":[{"name":"wp","href":"https:\/\/api.w.org\/{rel}","templated":true}]}}